{"id":3731,"date":"2025-09-02T10:54:58","date_gmt":"2025-09-02T08:54:58","guid":{"rendered":"https:\/\/www.flexi-camper.pl\/westfalia\/?page_id=3731"},"modified":"2026-04-02T11:13:40","modified_gmt":"2026-04-02T09:13:40","slug":"kamper-westfalia-new-kelsey","status":"publish","type":"page","link":"https:\/\/www.flexi-camper.pl\/westfalia\/kamper-westfalia-new-kelsey\/","title":{"rendered":"Kamper WESTFALIA NEW KELSEY"},"content":{"rendered":"\t\t<div data-elementor-type=\"wp-page\" data-elementor-id=\"3731\" class=\"elementor elementor-3731\">\n\t\t\t\t<div class=\"elementor-element elementor-element-31a12945 e-con-full e-flex e-con e-parent\" data-id=\"31a12945\" data-element_type=\"container\">\n\t\t\t\t<\/div>\n\t\t<div class=\"elementor-element elementor-element-2265093 e-flex e-con-boxed e-con e-parent\" data-id=\"2265093\" data-element_type=\"container\">\n\t\t\t\t\t<div class=\"e-con-inner\">\n\t\t<div class=\"elementor-element elementor-element-5df3c661 e-con-full e-flex e-con e-child\" data-id=\"5df3c661\" data-element_type=\"container\">\n\t\t\t\t<div class=\"elementor-element elementor-element-2bd1918 elementor-widget elementor-widget-heading\" data-id=\"2bd1918\" data-element_type=\"widget\" data-widget_type=\"heading.default\">\n\t\t\t\t<div class=\"elementor-widget-container\">\n\t\t\t\t\t<h2 class=\"elementor-heading-title elementor-size-default\">Kamper WESTFALIA NEW KELSEY<\/h2>\t\t\t\t<\/div>\n\t\t\t\t<\/div>\n\t\t\t\t<\/div>\n\t\t<div class=\"elementor-element elementor-element-4ea6d3c2 e-con-full e-flex e-con e-child\" data-id=\"4ea6d3c2\" data-element_type=\"container\">\n\t\t\t\t<div class=\"elementor-element elementor-element-49bb0f29 elementor-widget elementor-widget-heading\" data-id=\"49bb0f29\" data-element_type=\"widget\" data-widget_type=\"heading.default\">\n\t\t\t\t<div class=\"elementor-widget-container\">\n\t\t\t\t\t<h2 class=\"elementor-heading-title elementor-size-default\"><i>Cena: 409 183 z\u0142 brutto<\/i><\/h2>\t\t\t\t<\/div>\n\t\t\t\t<\/div>\n\t\t\t\t<\/div>\n\t\t\t\t\t<\/div>\n\t\t\t\t<\/div>\n\t\t<div class=\"elementor-element elementor-element-5b522eff e-con-full e-flex e-con e-parent\" data-id=\"5b522eff\" data-element_type=\"container\">\n\t\t<div class=\"elementor-element elementor-element-371a3dd7 e-con-full e-flex e-con e-child\" data-id=\"371a3dd7\" data-element_type=\"container\">\n\t\t\t\t<div class=\"elementor-element elementor-element-41463369 elementor-widget elementor-widget-image\" data-id=\"41463369\" data-element_type=\"widget\" data-widget_type=\"image.default\">\n\t\t\t\t<div class=\"elementor-widget-container\">\n\t\t\t\t\t\t\t\t\t\t\t\t\t\t\t<img fetchpriority=\"high\" decoding=\"async\" width=\"750\" height=\"563\" src=\"https:\/\/www.flexi-camper.pl\/westfalia\/wp-content\/uploads\/2025\/09\/Zdjecie-WhatsApp-2025-08-22-o-11.00.06_59434182-1024x768.jpg\" class=\"attachment-large size-large wp-image-3746\" alt=\"\" srcset=\"https:\/\/www.flexi-camper.pl\/westfalia\/wp-content\/uploads\/2025\/09\/Zdjecie-WhatsApp-2025-08-22-o-11.00.06_59434182-1024x768.jpg 1024w, https:\/\/www.flexi-camper.pl\/westfalia\/wp-content\/uploads\/2025\/09\/Zdjecie-WhatsApp-2025-08-22-o-11.00.06_59434182-300x225.jpg 300w, https:\/\/www.flexi-camper.pl\/westfalia\/wp-content\/uploads\/2025\/09\/Zdjecie-WhatsApp-2025-08-22-o-11.00.06_59434182-768x576.jpg 768w, https:\/\/www.flexi-camper.pl\/westfalia\/wp-content\/uploads\/2025\/09\/Zdjecie-WhatsApp-2025-08-22-o-11.00.06_59434182-1536x1152.jpg 1536w, https:\/\/www.flexi-camper.pl\/westfalia\/wp-content\/uploads\/2025\/09\/Zdjecie-WhatsApp-2025-08-22-o-11.00.06_59434182.jpg 1600w\" sizes=\"(max-width: 750px) 100vw, 750px\" \/>\t\t\t\t\t\t\t\t\t\t\t\t\t\t\t<\/div>\n\t\t\t\t<\/div>\n\t\t\t\t<\/div>\n\t\t<div class=\"elementor-element elementor-element-53fc3b38 e-con-full e-flex e-con e-child\" data-id=\"53fc3b38\" data-element_type=\"container\">\n\t\t\t\t<div class=\"elementor-element elementor-element-78c11f84 elementor-widget elementor-widget-image\" data-id=\"78c11f84\" data-element_type=\"widget\" data-widget_type=\"image.default\">\n\t\t\t\t<div class=\"elementor-widget-container\">\n\t\t\t\t\t\t\t\t\t\t\t\t\t\t\t<img decoding=\"async\" width=\"750\" height=\"563\" src=\"https:\/\/www.flexi-camper.pl\/westfalia\/wp-content\/uploads\/2025\/09\/Zdjecie-WhatsApp-2025-08-22-o-11.00.06_5b544c9c-1024x768.jpg\" class=\"attachment-large size-large wp-image-3745\" alt=\"\" srcset=\"https:\/\/www.flexi-camper.pl\/westfalia\/wp-content\/uploads\/2025\/09\/Zdjecie-WhatsApp-2025-08-22-o-11.00.06_5b544c9c-1024x768.jpg 1024w, https:\/\/www.flexi-camper.pl\/westfalia\/wp-content\/uploads\/2025\/09\/Zdjecie-WhatsApp-2025-08-22-o-11.00.06_5b544c9c-300x225.jpg 300w, https:\/\/www.flexi-camper.pl\/westfalia\/wp-content\/uploads\/2025\/09\/Zdjecie-WhatsApp-2025-08-22-o-11.00.06_5b544c9c-768x576.jpg 768w, https:\/\/www.flexi-camper.pl\/westfalia\/wp-content\/uploads\/2025\/09\/Zdjecie-WhatsApp-2025-08-22-o-11.00.06_5b544c9c-1536x1152.jpg 1536w, https:\/\/www.flexi-camper.pl\/westfalia\/wp-content\/uploads\/2025\/09\/Zdjecie-WhatsApp-2025-08-22-o-11.00.06_5b544c9c.jpg 1600w\" sizes=\"(max-width: 750px) 100vw, 750px\" \/>\t\t\t\t\t\t\t\t\t\t\t\t\t\t\t<\/div>\n\t\t\t\t<\/div>\n\t\t\t\t<\/div>\n\t\t\t\t<\/div>\n\t\t<div class=\"elementor-element elementor-element-13c647b8 e-con-full e-flex e-con e-parent\" data-id=\"13c647b8\" data-element_type=\"container\">\n\t\t<div class=\"elementor-element elementor-element-37f81ca3 e-con-full e-flex e-con e-child\" data-id=\"37f81ca3\" data-element_type=\"container\">\n\t\t\t\t<div class=\"elementor-element elementor-element-f617177 elementor-widget elementor-widget-heading\" data-id=\"f617177\" data-element_type=\"widget\" data-widget_type=\"heading.default\">\n\t\t\t\t<div class=\"elementor-widget-container\">\n\t\t\t\t\t<h3 class=\"elementor-heading-title elementor-size-default\">Charakterystyka:<\/h3>\t\t\t\t<\/div>\n\t\t\t\t<\/div>\n\t\t\t\t<div class=\"elementor-element elementor-element-2618ec0 elementor-widget elementor-widget-text-editor\" data-id=\"2618ec0\" data-element_type=\"widget\" data-widget_type=\"text-editor.default\">\n\t\t\t\t<div class=\"elementor-widget-container\">\n\t\t\t\t\t\t\t\t\t<p><b>Pojazd:<\/b><span>\u00a0<\/span>Ford Transit Custom<\/p><p><b>Rok produkcji:<span>\u00a0<\/span><\/b>2026<\/p><p><b>Moc:<span>\u00a0<\/span><\/b>170 KM \/ 2.0 l<\/p><p><strong>Nap\u0119d:<\/strong> 4&#215;4<\/p><p><b>Skrzynia bieg\u00f3w:<\/b><span>\u00a0<\/span>automatyczna<\/p><p><b>Kolor:<\/b><span>\u00a0<\/span>Niebieski metalik Azure<\/p><p>Dost\u0119pno\u015b\u0107: marzec 2026<\/p>\t\t\t\t\t\t\t\t<\/div>\n\t\t\t\t<\/div>\n\t\t\t\t<\/div>\n\t\t<div class=\"elementor-element elementor-element-78905223 e-con-full e-flex e-con e-child\" data-id=\"78905223\" data-element_type=\"container\">\n\t\t\t\t<div class=\"elementor-element elementor-element-2dd292b3 elementor-widget elementor-widget-image\" data-id=\"2dd292b3\" data-element_type=\"widget\" data-widget_type=\"image.default\">\n\t\t\t\t<div class=\"elementor-widget-container\">\n\t\t\t\t\t\t\t\t\t\t\t\t\t\t\t<img decoding=\"async\" width=\"733\" height=\"1024\" src=\"https:\/\/www.flexi-camper.pl\/westfalia\/wp-content\/uploads\/2025\/09\/21-733x1024.jpg\" class=\"attachment-large size-large wp-image-3737\" alt=\"\" srcset=\"https:\/\/www.flexi-camper.pl\/westfalia\/wp-content\/uploads\/2025\/09\/21-733x1024.jpg 733w, https:\/\/www.flexi-camper.pl\/westfalia\/wp-content\/uploads\/2025\/09\/21-215x300.jpg 215w, https:\/\/www.flexi-camper.pl\/westfalia\/wp-content\/uploads\/2025\/09\/21-768x1073.jpg 768w, https:\/\/www.flexi-camper.pl\/westfalia\/wp-content\/uploads\/2025\/09\/21-1100x1536.jpg 1100w, https:\/\/www.flexi-camper.pl\/westfalia\/wp-content\/uploads\/2025\/09\/21.jpg 1386w\" sizes=\"(max-width: 733px) 100vw, 733px\" \/>\t\t\t\t\t\t\t\t\t\t\t\t\t\t\t<\/div>\n\t\t\t\t<\/div>\n\t\t\t\t<\/div>\n\t\t\t\t<\/div>\n\t\t<div class=\"elementor-element elementor-element-2966aa8a e-flex e-con-boxed e-con e-parent\" data-id=\"2966aa8a\" data-element_type=\"container\">\n\t\t\t\t\t<div class=\"e-con-inner\">\n\t\t<div class=\"elementor-element elementor-element-3b122bec e-con-full e-flex e-con e-child\" data-id=\"3b122bec\" data-element_type=\"container\">\n\t\t\t\t<div class=\"elementor-element elementor-element-464cad51 elementor-widget elementor-widget-image\" data-id=\"464cad51\" data-element_type=\"widget\" data-widget_type=\"image.default\">\n\t\t\t\t<div class=\"elementor-widget-container\">\n\t\t\t\t\t\t\t\t\t\t\t\t\t\t\t<img loading=\"lazy\" decoding=\"async\" width=\"750\" height=\"480\" src=\"https:\/\/www.flexi-camper.pl\/westfalia\/wp-content\/uploads\/2025\/09\/2022_Kelsey_Ford_06-1-1024x655.jpg\" class=\"attachment-large size-large wp-image-3740\" alt=\"\" srcset=\"https:\/\/www.flexi-camper.pl\/westfalia\/wp-content\/uploads\/2025\/09\/2022_Kelsey_Ford_06-1-1024x655.jpg 1024w, https:\/\/www.flexi-camper.pl\/westfalia\/wp-content\/uploads\/2025\/09\/2022_Kelsey_Ford_06-1-300x192.jpg 300w, https:\/\/www.flexi-camper.pl\/westfalia\/wp-content\/uploads\/2025\/09\/2022_Kelsey_Ford_06-1-768x492.jpg 768w, https:\/\/www.flexi-camper.pl\/westfalia\/wp-content\/uploads\/2025\/09\/2022_Kelsey_Ford_06-1-1536x983.jpg 1536w, https:\/\/www.flexi-camper.pl\/westfalia\/wp-content\/uploads\/2025\/09\/2022_Kelsey_Ford_06-1-2048x1311.jpg 2048w\" sizes=\"(max-width: 750px) 100vw, 750px\" \/>\t\t\t\t\t\t\t\t\t\t\t\t\t\t\t<\/div>\n\t\t\t\t<\/div>\n\t\t\t\t<\/div>\n\t\t<div class=\"elementor-element elementor-element-50205d2f e-con-full e-flex e-con e-child\" data-id=\"50205d2f\" data-element_type=\"container\">\n\t\t\t\t<div class=\"elementor-element elementor-element-4732986e elementor-widget elementor-widget-heading\" data-id=\"4732986e\" data-element_type=\"widget\" data-widget_type=\"heading.default\">\n\t\t\t\t<div class=\"elementor-widget-container\">\n\t\t\t\t\t<h3 class=\"elementor-heading-title elementor-size-default\">\nWyposa\u017cenie:<\/h3>\t\t\t\t<\/div>\n\t\t\t\t<\/div>\n\t\t\t\t<div class=\"elementor-element elementor-element-4b92489c elementor-widget elementor-widget-text-editor\" data-id=\"4b92489c\" data-element_type=\"widget\" data-widget_type=\"text-editor.default\">\n\t\t\t\t<div class=\"elementor-widget-container\">\n\t\t\t\t\t\t\t\t\t<p>17-calowe felgi aluminiowe w kolorze szarego karbonu<\/p><p>Zestaw przygotowania elektrycznego do haka holowniczego<\/p><p>Akumulator AGM 92 Ah<\/p><p>\u015aciemniacz nat\u0119\u017cenia \u015bwiat\u0142a<\/p><p>Drzwi przesuwne podw\u00f3jne (lewe+prawe)<\/p><p>Elektrycznie rozk\u0142adana kanapa<\/p><p>Przyciemnione szyby boczne<\/p><p>Nieprzezroczyste zas\u0142ony boczne<\/p><p>Dywaniki pod\u0142ogowe, prz\u00f3d<\/p><p>Przygotowanie do panelu s\u0142onecznego<\/p><p>System ciep\u0142ej wody<\/p><p>2-strefowa klimatyzacja automatyczna (mo\u017cna sterowa\u0107 oddzielnie dla kierowcy i pasa\u017cera z przodu)<\/p><p>Nap\u0119d 4&#215;4<\/p><p>HAK<\/p><p>Podgrzewana kierownica<\/p><p>Pakiet wspomagania kierowcy z nawigacj\u0105, tempomat z asystentem pasa ruchu i systemem<\/p><p>Start-Stop, asystent martwego pola asystent przed kolizyjny (kamera + 2 radary), asystent<\/p><p>awaryjnego hamowania przy cofaniu, ostrze\u017cenie o opuszczeniu pasa ruchu<\/p><p>Indukcyjna stacja \u0142aduj\u0105ca do telefon\u00f3w<\/p><p>Niebieski metalik Azure<\/p><p>Dodatkowy akumulator 92 Ah AGM<\/p><p>Otwarcie dachu 230\u00b0<\/p><p>Ekskluzywny pokrowiec na siedzenie \u201eFloryda\u201d<\/p><p>Zas\u0142ona tylna z magnesami<\/p><p>Chromowana os\u0142ona progu tylnego zderzaka<\/p><p>Drabinka do g\u00f3rnego \u0142\u00f3\u017cka<\/p><p>Zabezpieczenie pod\u0142ogi z linoleum<\/p><p>Moskitiera na tyln\u0105 klap\u0119<\/p><p>Moskitiera do drzwi przesuwnych lewych i prawych<\/p><p>Zas\u0142ona chroni\u0105ca prywatno\u015b\u0107 w kabinie kierowcy<\/p>\t\t\t\t\t\t\t\t<\/div>\n\t\t\t\t<\/div>\n\t\t\t\t<\/div>\n\t\t\t\t\t<\/div>\n\t\t\t\t<\/div>\n\t\t<div class=\"elementor-element elementor-element-325f0a6d e-flex e-con-boxed e-con e-parent\" data-id=\"325f0a6d\" data-element_type=\"container\">\n\t\t\t\t\t<div class=\"e-con-inner\">\n\t\t\t\t<div class=\"elementor-element elementor-element-fae1a1f elementor-widget elementor-widget-heading\" data-id=\"fae1a1f\" data-element_type=\"widget\" data-widget_type=\"heading.default\">\n\t\t\t\t<div class=\"elementor-widget-container\">\n\t\t\t\t\t<h5 class=\"elementor-heading-title elementor-size-default\"><a href=\"https:\/\/www.flexi-camper.pl\/westfalia\/fordy.pdf\">Zobacz szczeg\u00f3\u0142ow\u0105 specyfikacj\u0119 wyposa\u017cenia fabrycznego Ford Transit Custom<\/a><\/h5>\t\t\t\t<\/div>\n\t\t\t\t<\/div>\n\t\t\t\t<div class=\"elementor-element elementor-element-6762b6cc elementor-widget elementor-widget-heading\" data-id=\"6762b6cc\" data-element_type=\"widget\" data-widget_type=\"heading.default\">\n\t\t\t\t<div class=\"elementor-widget-container\">\n\t\t\t\t\t<h2 class=\"elementor-heading-title elementor-size-default\">Galeria<\/h2>\t\t\t\t<\/div>\n\t\t\t\t<\/div>\n\t\t\t\t<div class=\"elementor-element elementor-element-c87f320 elementor-widget elementor-widget-image-gallery\" data-id=\"c87f320\" data-element_type=\"widget\" data-widget_type=\"image-gallery.default\">\n\t\t\t\t<div class=\"elementor-widget-container\">\n\t\t\t\t\t\t\t<div class=\"elementor-image-gallery\">\n\t\t\t\n\t\t<style type=\"text\/css\">\n\t\t\t#gallery-1 {\n\t\t\t\tmargin: auto;\n\t\t\t}\n\t\t\t#gallery-1 .gallery-item {\n\t\t\t\tfloat: left;\n\t\t\t\tmargin-top: 10px;\n\t\t\t\ttext-align: center;\n\t\t\t\twidth: 25%;\n\t\t\t}\n\t\t\t#gallery-1 img {\n\t\t\t\tborder: 2px solid #cfcfcf;\n\t\t\t}\n\t\t\t#gallery-1 .gallery-caption {\n\t\t\t\tmargin-left: 0;\n\t\t\t}\n\t\t\t\/* see gallery_shortcode() in wp-includes\/media.php *\/\n\t\t<\/style>\n\t\t<div id='gallery-1' class='gallery galleryid-3731 gallery-columns-4 gallery-size-thumbnail'><dl class='gallery-item'>\n\t\t\t<dt class='gallery-icon landscape'>\n\t\t\t\t<a data-elementor-open-lightbox=\"yes\" data-elementor-lightbox-slideshow=\"c87f320\" data-elementor-lightbox-title=\"11\" data-e-action-hash=\"#elementor-action%3Aaction%3Dlightbox%26settings%3DeyJpZCI6Mzc0NywidXJsIjoiaHR0cHM6XC9cL3d3dy5mbGV4aS1jYW1wZXIucGxcL3dlc3RmYWxpYVwvd3AtY29udGVudFwvdXBsb2Fkc1wvMjAyNVwvMDlcLzExLTEtc2NhbGVkLmpwZyIsInNsaWRlc2hvdyI6ImM4N2YzMjAifQ%3D%3D\" href='https:\/\/www.flexi-camper.pl\/westfalia\/wp-content\/uploads\/2025\/09\/11-1-scaled.jpg'><img loading=\"lazy\" decoding=\"async\" width=\"150\" height=\"150\" src=\"https:\/\/www.flexi-camper.pl\/westfalia\/wp-content\/uploads\/2025\/09\/11-1-150x150.jpg\" class=\"attachment-thumbnail size-thumbnail\" alt=\"\" \/><\/a>\n\t\t\t<\/dt><\/dl><dl class='gallery-item'>\n\t\t\t<dt class='gallery-icon portrait'>\n\t\t\t\t<a data-elementor-open-lightbox=\"yes\" data-elementor-lightbox-slideshow=\"c87f320\" data-elementor-lightbox-title=\"12\" data-e-action-hash=\"#elementor-action%3Aaction%3Dlightbox%26settings%3DeyJpZCI6Mzc0OCwidXJsIjoiaHR0cHM6XC9cL3d3dy5mbGV4aS1jYW1wZXIucGxcL3dlc3RmYWxpYVwvd3AtY29udGVudFwvdXBsb2Fkc1wvMjAyNVwvMDlcLzEyLTEuanBnIiwic2xpZGVzaG93IjoiYzg3ZjMyMCJ9\" href='https:\/\/www.flexi-camper.pl\/westfalia\/wp-content\/uploads\/2025\/09\/12-1.jpg'><img loading=\"lazy\" decoding=\"async\" width=\"150\" height=\"150\" src=\"https:\/\/www.flexi-camper.pl\/westfalia\/wp-content\/uploads\/2025\/09\/12-1-150x150.jpg\" class=\"attachment-thumbnail size-thumbnail\" alt=\"\" \/><\/a>\n\t\t\t<\/dt><\/dl><dl class='gallery-item'>\n\t\t\t<dt class='gallery-icon landscape'>\n\t\t\t\t<a data-elementor-open-lightbox=\"yes\" data-elementor-lightbox-slideshow=\"c87f320\" data-elementor-lightbox-title=\"13\" data-e-action-hash=\"#elementor-action%3Aaction%3Dlightbox%26settings%3DeyJpZCI6Mzc0OSwidXJsIjoiaHR0cHM6XC9cL3d3dy5mbGV4aS1jYW1wZXIucGxcL3dlc3RmYWxpYVwvd3AtY29udGVudFwvdXBsb2Fkc1wvMjAyNVwvMDlcLzEzLTEuanBnIiwic2xpZGVzaG93IjoiYzg3ZjMyMCJ9\" href='https:\/\/www.flexi-camper.pl\/westfalia\/wp-content\/uploads\/2025\/09\/13-1.jpg'><img loading=\"lazy\" decoding=\"async\" width=\"150\" height=\"150\" src=\"https:\/\/www.flexi-camper.pl\/westfalia\/wp-content\/uploads\/2025\/09\/13-1-150x150.jpg\" class=\"attachment-thumbnail size-thumbnail\" alt=\"\" \/><\/a>\n\t\t\t<\/dt><\/dl><dl class='gallery-item'>\n\t\t\t<dt class='gallery-icon portrait'>\n\t\t\t\t<a data-elementor-open-lightbox=\"yes\" data-elementor-lightbox-slideshow=\"c87f320\" data-elementor-lightbox-title=\"21\" data-e-action-hash=\"#elementor-action%3Aaction%3Dlightbox%26settings%3DeyJpZCI6Mzc1MCwidXJsIjoiaHR0cHM6XC9cL3d3dy5mbGV4aS1jYW1wZXIucGxcL3dlc3RmYWxpYVwvd3AtY29udGVudFwvdXBsb2Fkc1wvMjAyNVwvMDlcLzIxLTEuanBnIiwic2xpZGVzaG93IjoiYzg3ZjMyMCJ9\" href='https:\/\/www.flexi-camper.pl\/westfalia\/wp-content\/uploads\/2025\/09\/21-1.jpg'><img loading=\"lazy\" decoding=\"async\" width=\"150\" height=\"150\" src=\"https:\/\/www.flexi-camper.pl\/westfalia\/wp-content\/uploads\/2025\/09\/21-1-150x150.jpg\" class=\"attachment-thumbnail size-thumbnail\" alt=\"\" \/><\/a>\n\t\t\t<\/dt><\/dl><br style=\"clear: both\" \/><dl class='gallery-item'>\n\t\t\t<dt class='gallery-icon landscape'>\n\t\t\t\t<a data-elementor-open-lightbox=\"yes\" data-elementor-lightbox-slideshow=\"c87f320\" data-elementor-lightbox-title=\"2022_Kelsey_Ford_04 (1)\" data-e-action-hash=\"#elementor-action%3Aaction%3Dlightbox%26settings%3DeyJpZCI6Mzc1MSwidXJsIjoiaHR0cHM6XC9cL3d3dy5mbGV4aS1jYW1wZXIucGxcL3dlc3RmYWxpYVwvd3AtY29udGVudFwvdXBsb2Fkc1wvMjAyNVwvMDlcLzIwMjJfS2Vsc2V5X0ZvcmRfMDQtMS0xLmpwZyIsInNsaWRlc2hvdyI6ImM4N2YzMjAifQ%3D%3D\" href='https:\/\/www.flexi-camper.pl\/westfalia\/wp-content\/uploads\/2025\/09\/2022_Kelsey_Ford_04-1-1.jpg'><img loading=\"lazy\" decoding=\"async\" width=\"150\" height=\"150\" src=\"https:\/\/www.flexi-camper.pl\/westfalia\/wp-content\/uploads\/2025\/09\/2022_Kelsey_Ford_04-1-1-150x150.jpg\" class=\"attachment-thumbnail size-thumbnail\" alt=\"\" \/><\/a>\n\t\t\t<\/dt><\/dl><dl class='gallery-item'>\n\t\t\t<dt class='gallery-icon landscape'>\n\t\t\t\t<a data-elementor-open-lightbox=\"yes\" data-elementor-lightbox-slideshow=\"c87f320\" data-elementor-lightbox-title=\"2022_Kelsey_Ford_04b (1)\" data-e-action-hash=\"#elementor-action%3Aaction%3Dlightbox%26settings%3DeyJpZCI6Mzc1MiwidXJsIjoiaHR0cHM6XC9cL3d3dy5mbGV4aS1jYW1wZXIucGxcL3dlc3RmYWxpYVwvd3AtY29udGVudFwvdXBsb2Fkc1wvMjAyNVwvMDlcLzIwMjJfS2Vsc2V5X0ZvcmRfMDRiLTEtMS5qcGciLCJzbGlkZXNob3ciOiJjODdmMzIwIn0%3D\" href='https:\/\/www.flexi-camper.pl\/westfalia\/wp-content\/uploads\/2025\/09\/2022_Kelsey_Ford_04b-1-1.jpg'><img loading=\"lazy\" decoding=\"async\" width=\"150\" height=\"150\" src=\"https:\/\/www.flexi-camper.pl\/westfalia\/wp-content\/uploads\/2025\/09\/2022_Kelsey_Ford_04b-1-1-150x150.jpg\" class=\"attachment-thumbnail size-thumbnail\" alt=\"\" \/><\/a>\n\t\t\t<\/dt><\/dl><dl class='gallery-item'>\n\t\t\t<dt class='gallery-icon landscape'>\n\t\t\t\t<a data-elementor-open-lightbox=\"yes\" data-elementor-lightbox-slideshow=\"c87f320\" data-elementor-lightbox-title=\"2022_Kelsey_Ford_06 (1)\" data-e-action-hash=\"#elementor-action%3Aaction%3Dlightbox%26settings%3DeyJpZCI6Mzc1MywidXJsIjoiaHR0cHM6XC9cL3d3dy5mbGV4aS1jYW1wZXIucGxcL3dlc3RmYWxpYVwvd3AtY29udGVudFwvdXBsb2Fkc1wvMjAyNVwvMDlcLzIwMjJfS2Vsc2V5X0ZvcmRfMDYtMS0xLmpwZyIsInNsaWRlc2hvdyI6ImM4N2YzMjAifQ%3D%3D\" href='https:\/\/www.flexi-camper.pl\/westfalia\/wp-content\/uploads\/2025\/09\/2022_Kelsey_Ford_06-1-1.jpg'><img loading=\"lazy\" decoding=\"async\" width=\"150\" height=\"150\" src=\"https:\/\/www.flexi-camper.pl\/westfalia\/wp-content\/uploads\/2025\/09\/2022_Kelsey_Ford_06-1-1-150x150.jpg\" class=\"attachment-thumbnail size-thumbnail\" alt=\"\" \/><\/a>\n\t\t\t<\/dt><\/dl><dl class='gallery-item'>\n\t\t\t<dt class='gallery-icon landscape'>\n\t\t\t\t<a data-elementor-open-lightbox=\"yes\" data-elementor-lightbox-slideshow=\"c87f320\" data-elementor-lightbox-title=\"2022_Kelsey_Ford_08\" data-e-action-hash=\"#elementor-action%3Aaction%3Dlightbox%26settings%3DeyJpZCI6Mzc1NCwidXJsIjoiaHR0cHM6XC9cL3d3dy5mbGV4aS1jYW1wZXIucGxcL3dlc3RmYWxpYVwvd3AtY29udGVudFwvdXBsb2Fkc1wvMjAyNVwvMDlcLzIwMjJfS2Vsc2V5X0ZvcmRfMDgtMS5qcGciLCJzbGlkZXNob3ciOiJjODdmMzIwIn0%3D\" href='https:\/\/www.flexi-camper.pl\/westfalia\/wp-content\/uploads\/2025\/09\/2022_Kelsey_Ford_08-1.jpg'><img loading=\"lazy\" decoding=\"async\" width=\"150\" height=\"150\" src=\"https:\/\/www.flexi-camper.pl\/westfalia\/wp-content\/uploads\/2025\/09\/2022_Kelsey_Ford_08-1-150x150.jpg\" class=\"attachment-thumbnail size-thumbnail\" alt=\"\" \/><\/a>\n\t\t\t<\/dt><\/dl><br style=\"clear: both\" \/><dl class='gallery-item'>\n\t\t\t<dt class='gallery-icon landscape'>\n\t\t\t\t<a data-elementor-open-lightbox=\"yes\" data-elementor-lightbox-slideshow=\"c87f320\" data-elementor-lightbox-title=\"2022_Kelsey_Ford_10\" data-e-action-hash=\"#elementor-action%3Aaction%3Dlightbox%26settings%3DeyJpZCI6Mzc1NSwidXJsIjoiaHR0cHM6XC9cL3d3dy5mbGV4aS1jYW1wZXIucGxcL3dlc3RmYWxpYVwvd3AtY29udGVudFwvdXBsb2Fkc1wvMjAyNVwvMDlcLzIwMjJfS2Vsc2V5X0ZvcmRfMTAtMS5qcGciLCJzbGlkZXNob3ciOiJjODdmMzIwIn0%3D\" href='https:\/\/www.flexi-camper.pl\/westfalia\/wp-content\/uploads\/2025\/09\/2022_Kelsey_Ford_10-1.jpg'><img loading=\"lazy\" decoding=\"async\" width=\"150\" height=\"150\" src=\"https:\/\/www.flexi-camper.pl\/westfalia\/wp-content\/uploads\/2025\/09\/2022_Kelsey_Ford_10-1-150x150.jpg\" class=\"attachment-thumbnail size-thumbnail\" alt=\"\" \/><\/a>\n\t\t\t<\/dt><\/dl><dl class='gallery-item'>\n\t\t\t<dt class='gallery-icon landscape'>\n\t\t\t\t<a data-elementor-open-lightbox=\"yes\" data-elementor-lightbox-slideshow=\"c87f320\" data-elementor-lightbox-title=\"2022_Kelsey_Ford_12\" data-e-action-hash=\"#elementor-action%3Aaction%3Dlightbox%26settings%3DeyJpZCI6Mzc1NiwidXJsIjoiaHR0cHM6XC9cL3d3dy5mbGV4aS1jYW1wZXIucGxcL3dlc3RmYWxpYVwvd3AtY29udGVudFwvdXBsb2Fkc1wvMjAyNVwvMDlcLzIwMjJfS2Vsc2V5X0ZvcmRfMTItMS5qcGciLCJzbGlkZXNob3ciOiJjODdmMzIwIn0%3D\" href='https:\/\/www.flexi-camper.pl\/westfalia\/wp-content\/uploads\/2025\/09\/2022_Kelsey_Ford_12-1.jpg'><img loading=\"lazy\" decoding=\"async\" width=\"150\" height=\"150\" src=\"https:\/\/www.flexi-camper.pl\/westfalia\/wp-content\/uploads\/2025\/09\/2022_Kelsey_Ford_12-1-150x150.jpg\" class=\"attachment-thumbnail size-thumbnail\" alt=\"\" \/><\/a>\n\t\t\t<\/dt><\/dl><dl class='gallery-item'>\n\t\t\t<dt class='gallery-icon landscape'>\n\t\t\t\t<a data-elementor-open-lightbox=\"yes\" data-elementor-lightbox-slideshow=\"c87f320\" data-elementor-lightbox-title=\"2022_Kelsey_Ford_13\" data-e-action-hash=\"#elementor-action%3Aaction%3Dlightbox%26settings%3DeyJpZCI6Mzc1NywidXJsIjoiaHR0cHM6XC9cL3d3dy5mbGV4aS1jYW1wZXIucGxcL3dlc3RmYWxpYVwvd3AtY29udGVudFwvdXBsb2Fkc1wvMjAyNVwvMDlcLzIwMjJfS2Vsc2V5X0ZvcmRfMTMtMS5qcGciLCJzbGlkZXNob3ciOiJjODdmMzIwIn0%3D\" href='https:\/\/www.flexi-camper.pl\/westfalia\/wp-content\/uploads\/2025\/09\/2022_Kelsey_Ford_13-1.jpg'><img loading=\"lazy\" decoding=\"async\" width=\"150\" height=\"150\" src=\"https:\/\/www.flexi-camper.pl\/westfalia\/wp-content\/uploads\/2025\/09\/2022_Kelsey_Ford_13-1-150x150.jpg\" class=\"attachment-thumbnail size-thumbnail\" alt=\"\" \/><\/a>\n\t\t\t<\/dt><\/dl><dl class='gallery-item'>\n\t\t\t<dt class='gallery-icon landscape'>\n\t\t\t\t<a data-elementor-open-lightbox=\"yes\" data-elementor-lightbox-slideshow=\"c87f320\" data-elementor-lightbox-title=\"Zdj\u0119cie WhatsApp 2025-08-22 o 11.00.06_5b544c9c\" data-e-action-hash=\"#elementor-action%3Aaction%3Dlightbox%26settings%3DeyJpZCI6Mzc1OCwidXJsIjoiaHR0cHM6XC9cL3d3dy5mbGV4aS1jYW1wZXIucGxcL3dlc3RmYWxpYVwvd3AtY29udGVudFwvdXBsb2Fkc1wvMjAyNVwvMDlcL1pkamVjaWUtV2hhdHNBcHAtMjAyNS0wOC0yMi1vLTExLjAwLjA2XzViNTQ0YzljLTEuanBnIiwic2xpZGVzaG93IjoiYzg3ZjMyMCJ9\" href='https:\/\/www.flexi-camper.pl\/westfalia\/wp-content\/uploads\/2025\/09\/Zdjecie-WhatsApp-2025-08-22-o-11.00.06_5b544c9c-1.jpg'><img loading=\"lazy\" decoding=\"async\" width=\"150\" height=\"150\" src=\"https:\/\/www.flexi-camper.pl\/westfalia\/wp-content\/uploads\/2025\/09\/Zdjecie-WhatsApp-2025-08-22-o-11.00.06_5b544c9c-1-150x150.jpg\" class=\"attachment-thumbnail size-thumbnail\" alt=\"\" \/><\/a>\n\t\t\t<\/dt><\/dl><br style=\"clear: both\" \/><dl class='gallery-item'>\n\t\t\t<dt class='gallery-icon landscape'>\n\t\t\t\t<a data-elementor-open-lightbox=\"yes\" data-elementor-lightbox-slideshow=\"c87f320\" data-elementor-lightbox-title=\"Zdj\u0119cie WhatsApp 2025-08-22 o 11.00.06_59434182\" data-e-action-hash=\"#elementor-action%3Aaction%3Dlightbox%26settings%3DeyJpZCI6Mzc1OSwidXJsIjoiaHR0cHM6XC9cL3d3dy5mbGV4aS1jYW1wZXIucGxcL3dlc3RmYWxpYVwvd3AtY29udGVudFwvdXBsb2Fkc1wvMjAyNVwvMDlcL1pkamVjaWUtV2hhdHNBcHAtMjAyNS0wOC0yMi1vLTExLjAwLjA2XzU5NDM0MTgyLTEuanBnIiwic2xpZGVzaG93IjoiYzg3ZjMyMCJ9\" href='https:\/\/www.flexi-camper.pl\/westfalia\/wp-content\/uploads\/2025\/09\/Zdjecie-WhatsApp-2025-08-22-o-11.00.06_59434182-1.jpg'><img loading=\"lazy\" decoding=\"async\" width=\"150\" height=\"150\" src=\"https:\/\/www.flexi-camper.pl\/westfalia\/wp-content\/uploads\/2025\/09\/Zdjecie-WhatsApp-2025-08-22-o-11.00.06_59434182-1-150x150.jpg\" class=\"attachment-thumbnail size-thumbnail\" alt=\"\" \/><\/a>\n\t\t\t<\/dt><\/dl>\n\t\t\t<br style='clear: both' \/>\n\t\t<\/div>\n\t\t<\/div>\n\t\t\t\t\t\t<\/div>\n\t\t\t\t<\/div>\n\t\t\t\t\t<\/div>\n\t\t\t\t<\/div>\n\t\t<div class=\"elementor-element elementor-element-a8e238f e-flex e-con-boxed e-con e-parent\" data-id=\"a8e238f\" data-element_type=\"container\">\n\t\t\t\t\t<div class=\"e-con-inner\">\n\t\t\t\t<div class=\"elementor-element elementor-element-3b865bc elementor-widget elementor-widget-video\" data-id=\"3b865bc\" data-element_type=\"widget\" data-settings=\"{&quot;youtube_url&quot;:&quot;https:\\\/\\\/youtu.be\\\/g1-w0wZxGuc&quot;,&quot;video_type&quot;:&quot;youtube&quot;,&quot;controls&quot;:&quot;yes&quot;}\" data-widget_type=\"video.default\">\n\t\t\t\t<div class=\"elementor-widget-container\">\n\t\t\t\t\t\t\t<div class=\"elementor-wrapper elementor-open-inline\">\n\t\t\t<div class=\"elementor-video\"><\/div>\t\t<\/div>\n\t\t\t\t\t\t<\/div>\n\t\t\t\t<\/div>\n\t\t\t\t\t<\/div>\n\t\t\t\t<\/div>\n\t\t\t\t<\/div>\n\t\t","protected":false},"excerpt":{"rendered":"<p>Kamper WESTFALIA NEW KELSEY Cena: 409 183 z\u0142 brutto Charakterystyka: Pojazd:\u00a0Ford Transit Custom Rok produkcji:\u00a02026 Moc:\u00a0170 KM \/ 2.0 l Nap\u0119d: 4&#215;4 Skrzynia bieg\u00f3w:\u00a0automatyczna Kolor:\u00a0Niebieski metalik Azure Dost\u0119pno\u015b\u0107: marzec 2026 Wyposa\u017cenie: 17-calowe felgi aluminiowe w kolorze szarego karbonu Zestaw przygotowania elektrycznego do haka holowniczego Akumulator AGM 92 Ah \u015aciemniacz nat\u0119\u017cenia [&hellip;]<\/p>\n","protected":false},"author":1,"featured_media":0,"parent":0,"menu_order":0,"comment_status":"closed","ping_status":"closed","template":"page-templates\/template-fullwidth.php","meta":{"footnotes":""},"class_list":["post-3731","page","type-page","status-publish","hentry"],"_links":{"self":[{"href":"https:\/\/www.flexi-camper.pl\/westfalia\/wp-json\/wp\/v2\/pages\/3731"}],"collection":[{"href":"https:\/\/www.flexi-camper.pl\/westfalia\/wp-json\/wp\/v2\/pages"}],"about":[{"href":"https:\/\/www.flexi-camper.pl\/westfalia\/wp-json\/wp\/v2\/types\/page"}],"author":[{"embeddable":true,"href":"https:\/\/www.flexi-camper.pl\/westfalia\/wp-json\/wp\/v2\/users\/1"}],"replies":[{"embeddable":true,"href":"https:\/\/www.flexi-camper.pl\/westfalia\/wp-json\/wp\/v2\/comments?post=3731"}],"version-history":[{"count":22,"href":"https:\/\/www.flexi-camper.pl\/westfalia\/wp-json\/wp\/v2\/pages\/3731\/revisions"}],"predecessor-version":[{"id":4668,"href":"https:\/\/www.flexi-camper.pl\/westfalia\/wp-json\/wp\/v2\/pages\/3731\/revisions\/4668"}],"wp:attachment":[{"href":"https:\/\/www.flexi-camper.pl\/westfalia\/wp-json\/wp\/v2\/media?parent=3731"}],"curies":[{"name":"wp","href":"https:\/\/api.w.org\/{rel}","templated":true}]}}